{"id":494,"date":"2024-04-29T06:04:44","date_gmt":"2024-04-29T04:04:44","guid":{"rendered":"https:\/\/ptptsr.pl\/?page_id=494"},"modified":"2024-04-29T06:06:20","modified_gmt":"2024-04-29T04:06:20","slug":"o-ptptsr","status":"publish","type":"page","link":"https:\/\/ptptsr.pl\/en\/o-ptptsr\/","title":{"rendered":"ABOUT PTPTSR"},"content":{"rendered":"<div style=\"height:42px\" aria-hidden=\"true\" class=\"wp-block-spacer\"><\/div>\n\n\n\n<h2 class=\"wp-block-heading\">Polish Society for Solution-Focused Psychological Therapy<\/h2>\n\n\n\n<p>Jeste\u015bmy stowarzyszeniem przedstawicieli r\u00f3\u017cnych zawod\u00f3w i bran\u017c&nbsp;<strong>wykorzystuj\u0105cych w swojej pracy psychologiczne narz\u0119dzia wspieraj\u0105ce ludzi<\/strong>&nbsp;w trudnych momentach \u017cycia: w kryzysach, trudno\u015bciach i na \u017cyciowych zakr\u0119tach.<\/p>\n\n\n\n<p>Metodologia TSR \u2013 nasze g\u0142\u00f3wne instrumentarium, kt\u00f3re z pasj\u0105 rozwijamy \u2013 nawi\u0105zuje do nurtu, kt\u00f3ry wytyczy\u0142 wielki psychoterapeuta, lekarz psychiatra Milton Erickson. Zakwestionowa\u0142 on wiele dogmat\u00f3w i przekona\u0144 \u201estarej\u201d psychoterapii, jednocze\u015bnie w\u0142\u0105czaj\u0105c do pracy z cz\u0142owiekiem filozofi\u0119 trwaj\u0105cej zmiany, zasob\u00f3w, czy si\u0142 drzemi\u0105cych w ka\u017cdym cz\u0142owieku, co doprowadzi\u0142o go finalnie do stworzenia przepi\u0119knych w swojej prostocie, skutecznych \u2013 wr\u0119cz magicznych \u2013 technik&nbsp;<strong>skoncentrowanych na rozwi\u0105zaniach<\/strong>, kt\u00f3re dzisiaj wykorzystuje wiele nowoczesnych szk\u00f3\u0142 i podej\u015b\u0107 psychoterapii.<\/p>\n\n\n\n<p>Z uwagi na ich prostot\u0119 i magiczn\u0105 skuteczno\u015b\u0107 narz\u0119dzia PTSR mog\u0105 by\u0107 wykorzystywane nie tylko w psychoterapii, ale w pracy z cz\u0142owiekiem w tzw. niesymetrycznej relacji: w ratownictwie, edukacji, pomocy prawnej i socjalnej, dietetyce, sporcie, logopedii, fizjoterapii, resocjalizacji i w wielu innych zawodach nie trac\u0105c nic ze swojej niezawodno\u015bci. Nasz\u0105 misj\u0105 jest \u201eodczarowanie\u201d tego podej\u015bcia<br>i zaproszenie do pracy z nim przedstawicieli r\u00f3\u017cnych zawod\u00f3w.<\/p>\n\n\n\n<h2 class=\"wp-block-heading\" id=\"onas\">O stowarzyszeniu PTP TSR<\/h2>\n\n\n\n<p>Polskie Towarzystwo Psychologicznej Terapii Skoncentrowanej na Rozwi\u0105zaniach rozwija standardy kszta\u0142cenia i zrzesza specjalist\u00f3w zainteresowanych dostosowywaniem filozofii TSR do specjalistycznych potrzeb zawod\u00f3w i bran\u017c wpieraj\u0105cych dobrostan cz\u0142owieka. Do wsp\u00f3\u0142pracy zapraszamy wszystkie osoby, kt\u00f3re chc\u0105 rozwija\u0107 z nami nurt TSR. Akredytujemy szkolenia poparte odpowiedni\u0105 jako\u015bci\u0105 i standardem kszta\u0142cenia, prowadzone w szczeg\u00f3lno\u015bci pod nadzorem metodyk\u00f3w, tak, by ka\u017cdy specjalista posiad\u0142 odpowiedni\u0105 wiedz\u0119 i kwalifikacje, umo\u017cliwiaj\u0105ce sprawne korzystanie z tego warsztatu.<\/p>\n\n\n\n<p>PTP TSR jako niezale\u017cne stowarzyszenie naukowe, reprezentuje istotn\u0105 warto\u015b\u0107 w \u015bwiecie profesjonalist\u00f3w zajmuj\u0105cych si\u0119 zastosowaniem narz\u0119dzi psychologicznych w r\u00f3\u017cnych dziedzinach \u017cycia cz\u0142owieka. Zrzeszenie specjalist\u00f3w z r\u00f3\u017cnych \u015brodowisk, takich jak pracownicy socjalni, nauczyciele, pedagodzy, prawnicy, mediatorzy, czy trenerzy sportowi, \u015bwiadczy o jego interdyscyplinarnym charakterze. Cz\u0142onkowie PTP TSR \u0142\u0105cz\u0105 si\u0119 wok\u00f3\u0142 wsp\u00f3lnego celu \u2013 implementacji filozofii Podej\u015bcia Skoncentrowanego na Rozwi\u0105zaniach i innych narz\u0119dzi i technik psychologicznych w r\u00f3\u017cnych dziedzinach \u017cycia, w tym nawet w podej\u015bciach wychowawczych i resocjalizacji m\u0142odzie\u017cy.<\/p>\n\n\n\n<h4 class=\"wp-block-heading\">PTP TSR objectives<\/h4>\n\n\n\n<p>The aim of the PTP TSR is to popularise selected psychological support techniques, including but not limited to evidence-based toolkits derived from the TSR philosophy, which have proven effectiveness in working on human psychological well-being.<\/p>","protected":false},"excerpt":{"rendered":"<p>Polskie Towarzystwo Psychologicznej Terapii Skoncentrowanej na Rozwi\u0105zaniach Jeste\u015bmy stowarzyszeniem przedstawicieli r\u00f3\u017cnych zawod\u00f3w i bran\u017c&nbsp;wykorzystuj\u0105cych w swojej pracy psychologiczne narz\u0119dzia wspieraj\u0105ce ludzi&nbsp;w trudnych momentach \u017cycia: w kryzysach, trudno\u015bciach i na \u017cyciowych zakr\u0119tach. Metodologia TSR \u2013 nasze g\u0142\u00f3wne instrumentarium, kt\u00f3re z pasj\u0105 rozwijamy \u2013 nawi\u0105zuje do nurtu, kt\u00f3ry wytyczy\u0142 wielki psychoterapeuta, lekarz psychiatra Milton Erickson. Zakwestionowa\u0142 on [&hellip;]<\/p>\n","protected":false},"author":1,"featured_media":0,"parent":0,"menu_order":0,"comment_status":"closed","ping_status":"closed","template":"","meta":{"_uag_custom_page_level_css":"","footnotes":""},"class_list":["post-494","page","type-page","status-publish","hentry"],"yoast_head":"<!-- This site is optimized with the Yoast SEO plugin v27.4 - https:\/\/yoast.com\/product\/yoast-seo-wordpress\/ -->\n<title>O PTPTSR - PTPTSR<\/title>\n<meta name=\"robots\" content=\"index, follow, max-snippet:-1, max-image-preview:large, max-video-preview:-1\" \/>\n<link rel=\"canonical\" href=\"https:\/\/ptptsr.pl\/en\/o-ptptsr\/\" \/>\n<meta property=\"og:locale\" content=\"en_GB\" \/>\n<meta property=\"og:type\" content=\"article\" \/>\n<meta property=\"og:title\" content=\"O PTPTSR - PTPTSR\" \/>\n<meta property=\"og:description\" content=\"Polskie Towarzystwo Psychologicznej Terapii Skoncentrowanej na Rozwi\u0105zaniach Jeste\u015bmy stowarzyszeniem przedstawicieli r\u00f3\u017cnych zawod\u00f3w i bran\u017c&nbsp;wykorzystuj\u0105cych w swojej pracy psychologiczne narz\u0119dzia wspieraj\u0105ce ludzi&nbsp;w trudnych momentach \u017cycia: w kryzysach, trudno\u015bciach i na \u017cyciowych zakr\u0119tach. Metodologia TSR \u2013 nasze g\u0142\u00f3wne instrumentarium, kt\u00f3re z pasj\u0105 rozwijamy \u2013 nawi\u0105zuje do nurtu, kt\u00f3ry wytyczy\u0142 wielki psychoterapeuta, lekarz psychiatra Milton Erickson. Zakwestionowa\u0142 on [&hellip;]\" \/>\n<meta property=\"og:url\" content=\"https:\/\/ptptsr.pl\/en\/o-ptptsr\/\" \/>\n<meta property=\"og:site_name\" content=\"PTPTSR\" \/>\n<meta property=\"article:modified_time\" content=\"2024-04-29T04:06:20+00:00\" \/>\n<meta name=\"twitter:card\" content=\"summary_large_image\" \/>\n<meta name=\"twitter:label1\" content=\"Estimated reading time\" \/>\n\t<meta name=\"twitter:data1\" content=\"3 minutes\" \/>\n<script type=\"application\/ld+json\" class=\"yoast-schema-graph\">{\"@context\":\"https:\\\/\\\/schema.org\",\"@graph\":[{\"@type\":\"WebPage\",\"@id\":\"https:\\\/\\\/ptptsr.pl\\\/o-ptptsr\\\/\",\"url\":\"https:\\\/\\\/ptptsr.pl\\\/o-ptptsr\\\/\",\"name\":\"O PTPTSR - PTPTSR\",\"isPartOf\":{\"@id\":\"https:\\\/\\\/ptptsr.pl\\\/#website\"},\"datePublished\":\"2024-04-29T04:04:44+00:00\",\"dateModified\":\"2024-04-29T04:06:20+00:00\",\"breadcrumb\":{\"@id\":\"https:\\\/\\\/ptptsr.pl\\\/o-ptptsr\\\/#breadcrumb\"},\"inLanguage\":\"en-GB\",\"potentialAction\":[{\"@type\":\"ReadAction\",\"target\":[\"https:\\\/\\\/ptptsr.pl\\\/o-ptptsr\\\/\"]}]},{\"@type\":\"BreadcrumbList\",\"@id\":\"https:\\\/\\\/ptptsr.pl\\\/o-ptptsr\\\/#breadcrumb\",\"itemListElement\":[{\"@type\":\"ListItem\",\"position\":1,\"name\":\"Strona g\u0142\u00f3wna\",\"item\":\"https:\\\/\\\/ptptsr.pl\\\/\"},{\"@type\":\"ListItem\",\"position\":2,\"name\":\"O PTPTSR\"}]},{\"@type\":\"WebSite\",\"@id\":\"https:\\\/\\\/ptptsr.pl\\\/#website\",\"url\":\"https:\\\/\\\/ptptsr.pl\\\/\",\"name\":\"PTPTSR\",\"description\":\"Polskie Towarzystwo Psychologicznej Terapii Skoncentrowanej na Rozwi\u0105zaniach\",\"publisher\":{\"@id\":\"https:\\\/\\\/ptptsr.pl\\\/#organization\"},\"potentialAction\":[{\"@type\":\"SearchAction\",\"target\":{\"@type\":\"EntryPoint\",\"urlTemplate\":\"https:\\\/\\\/ptptsr.pl\\\/?s={search_term_string}\"},\"query-input\":{\"@type\":\"PropertyValueSpecification\",\"valueRequired\":true,\"valueName\":\"search_term_string\"}}],\"inLanguage\":\"en-GB\"},{\"@type\":\"Organization\",\"@id\":\"https:\\\/\\\/ptptsr.pl\\\/#organization\",\"name\":\"PTPTSR\",\"url\":\"https:\\\/\\\/ptptsr.pl\\\/\",\"logo\":{\"@type\":\"ImageObject\",\"inLanguage\":\"en-GB\",\"@id\":\"https:\\\/\\\/ptptsr.pl\\\/#\\\/schema\\\/logo\\\/image\\\/\",\"url\":\"https:\\\/\\\/ptptsr.pl\\\/wp-content\\\/uploads\\\/2024\\\/02\\\/PNGVersion.png\",\"contentUrl\":\"https:\\\/\\\/ptptsr.pl\\\/wp-content\\\/uploads\\\/2024\\\/02\\\/PNGVersion.png\",\"width\":1114,\"height\":1080,\"caption\":\"PTPTSR\"},\"image\":{\"@id\":\"https:\\\/\\\/ptptsr.pl\\\/#\\\/schema\\\/logo\\\/image\\\/\"}}]}<\/script>\n<!-- \/ Yoast SEO plugin. -->","yoast_head_json":{"title":"O PTPTSR - PTPTSR","robots":{"index":"index","follow":"follow","max-snippet":"max-snippet:-1","max-image-preview":"max-image-preview:large","max-video-preview":"max-video-preview:-1"},"canonical":"https:\/\/ptptsr.pl\/en\/o-ptptsr\/","og_locale":"en_GB","og_type":"article","og_title":"O PTPTSR - PTPTSR","og_description":"Polskie Towarzystwo Psychologicznej Terapii Skoncentrowanej na Rozwi\u0105zaniach Jeste\u015bmy stowarzyszeniem przedstawicieli r\u00f3\u017cnych zawod\u00f3w i bran\u017c&nbsp;wykorzystuj\u0105cych w swojej pracy psychologiczne narz\u0119dzia wspieraj\u0105ce ludzi&nbsp;w trudnych momentach \u017cycia: w kryzysach, trudno\u015bciach i na \u017cyciowych zakr\u0119tach. Metodologia TSR \u2013 nasze g\u0142\u00f3wne instrumentarium, kt\u00f3re z pasj\u0105 rozwijamy \u2013 nawi\u0105zuje do nurtu, kt\u00f3ry wytyczy\u0142 wielki psychoterapeuta, lekarz psychiatra Milton Erickson. Zakwestionowa\u0142 on [&hellip;]","og_url":"https:\/\/ptptsr.pl\/en\/o-ptptsr\/","og_site_name":"PTPTSR","article_modified_time":"2024-04-29T04:06:20+00:00","twitter_card":"summary_large_image","twitter_misc":{"Estimated reading time":"3 minutes"},"schema":{"@context":"https:\/\/schema.org","@graph":[{"@type":"WebPage","@id":"https:\/\/ptptsr.pl\/o-ptptsr\/","url":"https:\/\/ptptsr.pl\/o-ptptsr\/","name":"O PTPTSR - PTPTSR","isPartOf":{"@id":"https:\/\/ptptsr.pl\/#website"},"datePublished":"2024-04-29T04:04:44+00:00","dateModified":"2024-04-29T04:06:20+00:00","breadcrumb":{"@id":"https:\/\/ptptsr.pl\/o-ptptsr\/#breadcrumb"},"inLanguage":"en-GB","potentialAction":[{"@type":"ReadAction","target":["https:\/\/ptptsr.pl\/o-ptptsr\/"]}]},{"@type":"BreadcrumbList","@id":"https:\/\/ptptsr.pl\/o-ptptsr\/#breadcrumb","itemListElement":[{"@type":"ListItem","position":1,"name":"Strona g\u0142\u00f3wna","item":"https:\/\/ptptsr.pl\/"},{"@type":"ListItem","position":2,"name":"O PTPTSR"}]},{"@type":"WebSite","@id":"https:\/\/ptptsr.pl\/#website","url":"https:\/\/ptptsr.pl\/","name":"PTPTSR","description":"Polish Society for Solution-Focused Psychological Therapy","publisher":{"@id":"https:\/\/ptptsr.pl\/#organization"},"potentialAction":[{"@type":"SearchAction","target":{"@type":"EntryPoint","urlTemplate":"https:\/\/ptptsr.pl\/?s={search_term_string}"},"query-input":{"@type":"PropertyValueSpecification","valueRequired":true,"valueName":"search_term_string"}}],"inLanguage":"en-GB"},{"@type":"Organization","@id":"https:\/\/ptptsr.pl\/#organization","name":"PTPTSR","url":"https:\/\/ptptsr.pl\/","logo":{"@type":"ImageObject","inLanguage":"en-GB","@id":"https:\/\/ptptsr.pl\/#\/schema\/logo\/image\/","url":"https:\/\/ptptsr.pl\/wp-content\/uploads\/2024\/02\/PNGVersion.png","contentUrl":"https:\/\/ptptsr.pl\/wp-content\/uploads\/2024\/02\/PNGVersion.png","width":1114,"height":1080,"caption":"PTPTSR"},"image":{"@id":"https:\/\/ptptsr.pl\/#\/schema\/logo\/image\/"}}]}},"uagb_featured_image_src":{"full":false,"thumbnail":false,"medium":false,"medium_large":false,"large":false,"1536x1536":false,"2048x2048":false,"trp-custom-language-flag":false,"woocommerce_thumbnail":false,"woocommerce_single":false,"woocommerce_gallery_thumbnail":false},"uagb_author_info":{"display_name":"admin-HdvrTzzh","author_link":"https:\/\/ptptsr.pl\/en\/author\/admin-hdvrtzzh\/"},"uagb_comment_info":0,"uagb_excerpt":"Polskie Towarzystwo Psychologicznej Terapii Skoncentrowanej na Rozwi\u0105zaniach Jeste\u015bmy stowarzyszeniem przedstawicieli r\u00f3\u017cnych zawod\u00f3w i bran\u017c&nbsp;wykorzystuj\u0105cych w swojej pracy psychologiczne narz\u0119dzia wspieraj\u0105ce ludzi&nbsp;w trudnych momentach \u017cycia: w kryzysach, trudno\u015bciach i na \u017cyciowych zakr\u0119tach. Metodologia TSR \u2013 nasze g\u0142\u00f3wne instrumentarium, kt\u00f3re z pasj\u0105 rozwijamy \u2013 nawi\u0105zuje do nurtu, kt\u00f3ry wytyczy\u0142 wielki psychoterapeuta, lekarz psychiatra Milton Erickson. Zakwestionowa\u0142 on&hellip;","_links":{"self":[{"href":"https:\/\/ptptsr.pl\/en\/wp-json\/wp\/v2\/pages\/494","targetHints":{"allow":["GET"]}}],"collection":[{"href":"https:\/\/ptptsr.pl\/en\/wp-json\/wp\/v2\/pages"}],"about":[{"href":"https:\/\/ptptsr.pl\/en\/wp-json\/wp\/v2\/types\/page"}],"author":[{"embeddable":true,"href":"https:\/\/ptptsr.pl\/en\/wp-json\/wp\/v2\/users\/1"}],"replies":[{"embeddable":true,"href":"https:\/\/ptptsr.pl\/en\/wp-json\/wp\/v2\/comments?post=494"}],"version-history":[{"count":2,"href":"https:\/\/ptptsr.pl\/en\/wp-json\/wp\/v2\/pages\/494\/revisions"}],"predecessor-version":[{"id":497,"href":"https:\/\/ptptsr.pl\/en\/wp-json\/wp\/v2\/pages\/494\/revisions\/497"}],"wp:attachment":[{"href":"https:\/\/ptptsr.pl\/en\/wp-json\/wp\/v2\/media?parent=494"}],"curies":[{"name":"wp","href":"https:\/\/api.w.org\/{rel}","templated":true}]}}