{"id":457,"date":"2024-04-22T05:59:06","date_gmt":"2024-04-22T03:59:06","guid":{"rendered":"https:\/\/ptptsr.pl\/?page_id=457"},"modified":"2026-02-10T23:53:26","modified_gmt":"2026-02-10T22:53:26","slug":"dolacz-do-ptptsr","status":"publish","type":"page","link":"https:\/\/ptptsr.pl\/en\/dolacz-do-ptptsr\/","title":{"rendered":"Do\u0142\u0105cz do PTPTSR"},"content":{"rendered":"\n<div class=\"wp-block-uagb-container uagb-block-2c9e9e79 alignfull uagb-is-root-container\"><div class=\"uagb-container__shape uagb-container__shape-bottom uagb-container__invert\" data-negative=\"false\"><svg xmlns=\"https:\/\/www.w3.org\/2000\/svg\" viewBox=\"0 0 1000 100\" preserveAspectRatio=\"none\"><path class=\"uagb-container__shape-fill\" d=\"M421.9,6.5c22.6-2.5,51.5,0.4,75.5,5.3c23.6,4.9,70.9,23.5,100.5,35.7c75.8,32.2,133.7,44.5,192.6,49.7  c23.6,2.1,48.7,3.5,103.4-2.5c54.7-6,106.2-25.6,106.2-25.6V0H0v30.3c0,0,72,32.6,158.4,30.5c39.2-0.7,92.8-6.7,134-22.4  c21.2-8.1,52.2-18.2,79.7-24.2C399.3,7.9,411.6,7.5,421.9,6.5z\"><\/path><\/svg><\/div><div class=\"uagb-container-inner-blocks-wrap\">\n<div style=\"height:48px\" aria-hidden=\"true\" class=\"wp-block-spacer\"><\/div>\n\n\n\n<p class=\"has-base-2-color has-text-color has-link-color wp-elements-92bbfe36d10d2c4e5afcc65e571b6ddb\"><strong>Doceniamy, \u017ce rozwa\u017casz cz\u0142onkostwo w Polskim Towarzystwie Psychologicznej Terapii Skoncentrowanej na Rozwi\u0105zaniach (PTPTSR). Nasze Stowarzyszenie jest domem dla profesjonalist\u00f3w, kt\u00f3rzy podzielaj\u0105 pasj\u0119 do terapii skoncentrowanej na rozwi\u0105zaniach, d\u0105\u017c\u0105c do rozwoju i doskonalenia tego podej\u015bcia w szeroko rozumianej  praktyce pomocowej<\/strong>.<\/p>\n\n\n\n<div style=\"height:48px\" aria-hidden=\"true\" class=\"wp-block-spacer\"><\/div>\n<\/div><\/div>\n\n\n\n<p><strong>Jakie korzy\u015bci niesie cz\u0142onkostwo?<\/strong><\/p>\n\n\n\n<p>Jako cz\u0142onek PTPTSR do\u0142\u0105czysz do szerokiego grona specjalist\u00f3w pasjonat\u00f3w psychoterapii i zyskasz dost\u0119p do szeregu zasob\u00f3w jak np.:<\/p>\n\n\n\n<ul class=\"wp-block-list\">\n<li>Ekskluzywnych szkole\u0144 i warsztat\u00f3w.<\/li>\n\n\n\n<li>Mo\u017cliwo\u015bci bie\u017c\u0105cego kontaktu z innymi profesjonalistami.<\/li>\n\n\n\n<li>Dost\u0119pu do najnowszych bada\u0144 i publikacji w dziedzinie terapii skoncentrowanej na rozwi\u0105zaniach.<\/li>\n\n\n\n<li>Okazji do udzia\u0142u w konferencjach i spotkaniach bran\u017cowych.<\/li>\n<\/ul>\n\n\n\n<p><strong>Jakie obowi\u0105zki mnie czekaj\u0105?<\/strong><\/p>\n\n\n\n<p>Aby sta\u0107 si\u0119 cz\u0142onkiem PTPTSR, wystarczy wype\u0142ni\u0107 deklaracj\u0119 cz\u0142onkowsk\u0105 i uzyska\u0107 rekomendacj\u0119 dw\u00f3ch cz\u0142onk\u00f3w zwyczajnych naszego Stowarzyszenia. Je\u015bli jeste\u015b absolwentem szkole\u0144 akredytowanych przez nasze Stowarzyszenie, rekomendacji udzieli Ci Stowarzyszenie, wi\u0119c zamiast adresu e-mail cz\u0142onka rekomenduj\u0105cego, wpisz: Osoba A: ptptsr@ptptsr.pl  oraz  Osoba B: kontakt@ptptsr.pl. Proces przyst\u0105pienia jest prosty i przejrzysty. Wype\u0142nij poni\u017cszy formularz, a otrzymasz deklaracj\u0119, kt\u00f3r\u0105 musisz wype\u0142ni\u0107 i wys\u0142a\u0107. Akceptujemy kwalifikowane podpisy elektroniczne (np. <a href=\"https:\/\/podpis.mobywatel.gov.pl\/\" target=\"_blank\" rel=\"noreferrer noopener\">sprawd\u017a tutaj <\/a>)<\/p>\n\n\n\n<p><\/p>\n\n\n<div class='fluentform ff-default fluentform_wrapper_5 ffs_default_wrap'><form data-form_id=\"5\" id=\"fluentform_5\" class=\"frm-fluent-form fluent_form_5 ff-el-form-top ff_form_instance_5_1 ff-form-loading ffs_default\" data-form_instance=\"ff_form_instance_5_1\" method=\"POST\" ><fieldset  style=\"border: none!important;margin: 0!important;padding: 0!important;background-color: transparent!important;box-shadow: none!important;outline: none!important; min-inline-size: 100%;\">\n                    <legend class=\"ff_screen_reader_title\" style=\"display: block; margin: 0!important;padding: 0!important;height: 0!important;text-indent: -999999px;width: 0!important;overflow:hidden;\">Potwierdzenie przyst\u0105pienia<\/legend><input type='hidden' name='__fluent_form_embded_post_id' value='457' \/><input type=\"hidden\" id=\"_fluentform_5_fluentformnonce\" name=\"_fluentform_5_fluentformnonce\" value=\"8699baf736\" \/><input type=\"hidden\" name=\"_wp_http_referer\" value=\"\/en\/wp-json\/wp\/v2\/pages\/457\" \/><div data-type=\"name-element\" data-name=\"names\" class=\" ff-field_container ff-name-field-wrapper\" ><div class='ff-t-container'><div class='ff-t-cell '><div class='ff-el-group  ff-el-form-top'><div class=\"ff-el-input--label ff-el-is-required asterisk-right\"><label for='ff_5_names_first_name_' id='label_ff_5_names_first_name_' >Twoje imi\u0119<\/label><\/div><div class='ff-el-input--content'><input type=\"text\" name=\"names[first_name]\" id=\"ff_5_names_first_name_\" class=\"ff-el-form-control\" aria-invalid=\"false\" aria-required=true><\/div><\/div><\/div><div class='ff-t-cell '><div class='ff-el-group  ff-el-form-top'><div class=\"ff-el-input--label ff-el-is-required asterisk-right\"><label for='ff_5_names_last_name_' id='label_ff_5_names_last_name_' >Twoje nazwisko<\/label><\/div><div class='ff-el-input--content'><input type=\"text\" name=\"names[last_name]\" id=\"ff_5_names_last_name_\" class=\"ff-el-form-control\" aria-invalid=\"false\" aria-required=true><\/div><\/div><\/div><\/div><\/div><div class='ff-el-group'><div class=\"ff-el-input--label ff-el-is-required asterisk-right\"><label for='ff_5_email' id='label_ff_5_email' aria-label=\"Adres E-Mail\">Adres E-Mail<\/label><\/div><div class='ff-el-input--content'><input type=\"email\" name=\"email\" id=\"ff_5_email\" class=\"ff-el-form-control\" data-name=\"email\"  aria-invalid=\"false\" aria-required=true><\/div><\/div><div class='ff-el-group'><div class=\"ff-el-input--label ff-el-is-required asterisk-right\"><label for='ff_5_numeric-field' id='label_ff_5_numeric-field' aria-label=\"Numer kontaktowy\">Numer kontaktowy<\/label><\/div><div class='ff-el-input--content'><input type=\"number\" name=\"numeric-field\" id=\"ff_5_numeric-field\" class=\"ff-el-form-control\" data-name=\"numeric-field\" inputmode=\"numeric\" step=\"any\"  aria-invalid=\"false\" aria-required=true><\/div><\/div><div class='ff-el-group ff-text-left ff_submit_btn_wrapper'><button type=\"submit\" class=\"ff-btn ff-btn-submit ff-btn-md ff_btn_style\"  aria-label=\"Potwierd\u017a, \u017ce chcesz przyst\u0105pi\u0107\">Potwierd\u017a, \u017ce chcesz przyst\u0105pi\u0107<\/button><\/div><\/fieldset><\/form><div id='fluentform_5_errors' class='ff-errors-in-stack ff_form_instance_5_1 ff-form-loading_errors ff_form_instance_5_1_errors'><\/div><\/div>            <script type=\"text\/javascript\">\n                window.fluent_form_ff_form_instance_5_1 = {\"id\":\"5\",\"settings\":{\"layout\":{\"labelPlacement\":\"top\",\"helpMessagePlacement\":\"with_label\",\"errorMessagePlacement\":\"inline\",\"cssClassName\":\"\",\"asteriskPlacement\":\"asterisk-right\"},\"restrictions\":{\"denyEmptySubmission\":{\"enabled\":false}}},\"form_instance\":\"ff_form_instance_5_1\",\"form_id_selector\":\"fluentform_5\",\"rules\":{\"names[first_name]\":{\"required\":{\"value\":true,\"message\":\"This field is required\",\"global_message\":\"This field is required\",\"global\":true}},\"names[middle_name]\":{\"required\":{\"value\":false,\"message\":\"This field is required\",\"global_message\":\"This field is required\",\"global\":true}},\"names[last_name]\":{\"required\":{\"value\":true,\"message\":\"This field is required\",\"global_message\":\"This field is required\",\"global\":true}},\"email\":{\"required\":{\"value\":true,\"message\":\"This field is required\",\"global_message\":\"This field is required\",\"global\":true},\"email\":{\"value\":true,\"message\":\"This field must contain a valid email\",\"global_message\":\"This field must contain a valid email\",\"global\":true}},\"numeric-field\":{\"required\":{\"value\":true,\"message\":\"This field is required\",\"global_message\":\"This field is required\",\"global\":true},\"numeric\":{\"value\":true,\"message\":\"This field must contain numeric value\",\"global_message\":\"This field must contain numeric value\",\"global\":true},\"min\":{\"value\":\"\",\"message\":\"Validation fails for minimum value\",\"global_message\":\"Validation fails for minimum value\",\"global\":true},\"max\":{\"value\":\"\",\"message\":\"Validation fails for maximum value\",\"global_message\":\"Validation fails for maximum value\",\"global\":true},\"digits\":{\"value\":\"\",\"message\":\"Validation fails for limited digits\",\"global_message\":\"Validation fails for limited digits\",\"global\":true}}},\"debounce_time\":300};\n                            <\/script>\n            \n\n\n\n<p><\/p>\n","protected":false},"excerpt":{"rendered":"<p>Doceniamy, \u017ce rozwa\u017casz cz\u0142onkostwo w Polskim Towarzystwie Psychologicznej Terapii Skoncentrowanej na Rozwi\u0105zaniach (PTPTSR). Nasze Stowarzyszenie jest domem dla profesjonalist\u00f3w, kt\u00f3rzy podzielaj\u0105 pasj\u0119 do terapii skoncentrowanej na rozwi\u0105zaniach, d\u0105\u017c\u0105c do rozwoju i doskonalenia tego podej\u015bcia w szeroko rozumianej praktyce pomocowej. Jakie korzy\u015bci niesie cz\u0142onkostwo? Jako cz\u0142onek PTPTSR do\u0142\u0105czysz do szerokiego grona specjalist\u00f3w pasjonat\u00f3w psychoterapii i zyskasz [&hellip;]<\/p>\n","protected":false},"author":1,"featured_media":538,"parent":0,"menu_order":0,"comment_status":"closed","ping_status":"closed","template":"","meta":{"_uag_custom_page_level_css":"","footnotes":""},"class_list":["post-457","page","type-page","status-publish","has-post-thumbnail","hentry"],"yoast_head":"<!-- This site is optimized with the Yoast SEO plugin v27.4 - https:\/\/yoast.com\/product\/yoast-seo-wordpress\/ -->\n<title>Do\u0142\u0105cz do PTPTSR - PTPTSR<\/title>\n<meta name=\"robots\" content=\"index, follow, max-snippet:-1, max-image-preview:large, max-video-preview:-1\" \/>\n<link rel=\"canonical\" href=\"https:\/\/ptptsr.pl\/en\/dolacz-do-ptptsr\/\" \/>\n<meta property=\"og:locale\" content=\"en_GB\" \/>\n<meta property=\"og:type\" content=\"article\" \/>\n<meta property=\"og:title\" content=\"Do\u0142\u0105cz do PTPTSR - PTPTSR\" \/>\n<meta property=\"og:description\" content=\"Doceniamy, \u017ce rozwa\u017casz cz\u0142onkostwo w Polskim Towarzystwie Psychologicznej Terapii Skoncentrowanej na Rozwi\u0105zaniach (PTPTSR). Nasze Stowarzyszenie jest domem dla profesjonalist\u00f3w, kt\u00f3rzy podzielaj\u0105 pasj\u0119 do terapii skoncentrowanej na rozwi\u0105zaniach, d\u0105\u017c\u0105c do rozwoju i doskonalenia tego podej\u015bcia w szeroko rozumianej praktyce pomocowej. Jakie korzy\u015bci niesie cz\u0142onkostwo? Jako cz\u0142onek PTPTSR do\u0142\u0105czysz do szerokiego grona specjalist\u00f3w pasjonat\u00f3w psychoterapii i zyskasz [&hellip;]\" \/>\n<meta property=\"og:url\" content=\"https:\/\/ptptsr.pl\/en\/dolacz-do-ptptsr\/\" \/>\n<meta property=\"og:site_name\" content=\"PTPTSR\" \/>\n<meta property=\"article:modified_time\" content=\"2026-02-10T22:53:26+00:00\" \/>\n<meta property=\"og:image\" content=\"https:\/\/ptptsr.pl\/wp-content\/uploads\/2024\/09\/stowarzyszenie-tsr-scaled.jpg\" \/>\n\t<meta property=\"og:image:width\" content=\"2560\" \/>\n\t<meta property=\"og:image:height\" content=\"1440\" \/>\n\t<meta property=\"og:image:type\" content=\"image\/jpeg\" \/>\n<meta name=\"twitter:card\" content=\"summary_large_image\" \/>\n<meta name=\"twitter:label1\" content=\"Estimated reading time\" \/>\n\t<meta name=\"twitter:data1\" content=\"2 minutes\" \/>\n<script type=\"application\/ld+json\" class=\"yoast-schema-graph\">{\"@context\":\"https:\\\/\\\/schema.org\",\"@graph\":[{\"@type\":\"WebPage\",\"@id\":\"https:\\\/\\\/ptptsr.pl\\\/dolacz-do-ptptsr\\\/\",\"url\":\"https:\\\/\\\/ptptsr.pl\\\/dolacz-do-ptptsr\\\/\",\"name\":\"Do\u0142\u0105cz do PTPTSR - PTPTSR\",\"isPartOf\":{\"@id\":\"https:\\\/\\\/ptptsr.pl\\\/#website\"},\"primaryImageOfPage\":{\"@id\":\"https:\\\/\\\/ptptsr.pl\\\/dolacz-do-ptptsr\\\/#primaryimage\"},\"image\":{\"@id\":\"https:\\\/\\\/ptptsr.pl\\\/dolacz-do-ptptsr\\\/#primaryimage\"},\"thumbnailUrl\":\"https:\\\/\\\/ptptsr.pl\\\/wp-content\\\/uploads\\\/2024\\\/09\\\/stowarzyszenie-tsr-scaled.jpg\",\"datePublished\":\"2024-04-22T03:59:06+00:00\",\"dateModified\":\"2026-02-10T22:53:26+00:00\",\"breadcrumb\":{\"@id\":\"https:\\\/\\\/ptptsr.pl\\\/dolacz-do-ptptsr\\\/#breadcrumb\"},\"inLanguage\":\"en-GB\",\"potentialAction\":[{\"@type\":\"ReadAction\",\"target\":[\"https:\\\/\\\/ptptsr.pl\\\/dolacz-do-ptptsr\\\/\"]}]},{\"@type\":\"ImageObject\",\"inLanguage\":\"en-GB\",\"@id\":\"https:\\\/\\\/ptptsr.pl\\\/dolacz-do-ptptsr\\\/#primaryimage\",\"url\":\"https:\\\/\\\/ptptsr.pl\\\/wp-content\\\/uploads\\\/2024\\\/09\\\/stowarzyszenie-tsr-scaled.jpg\",\"contentUrl\":\"https:\\\/\\\/ptptsr.pl\\\/wp-content\\\/uploads\\\/2024\\\/09\\\/stowarzyszenie-tsr-scaled.jpg\",\"width\":2560,\"height\":1440},{\"@type\":\"BreadcrumbList\",\"@id\":\"https:\\\/\\\/ptptsr.pl\\\/dolacz-do-ptptsr\\\/#breadcrumb\",\"itemListElement\":[{\"@type\":\"ListItem\",\"position\":1,\"name\":\"Strona g\u0142\u00f3wna\",\"item\":\"https:\\\/\\\/ptptsr.pl\\\/\"},{\"@type\":\"ListItem\",\"position\":2,\"name\":\"Do\u0142\u0105cz do PTPTSR\"}]},{\"@type\":\"WebSite\",\"@id\":\"https:\\\/\\\/ptptsr.pl\\\/#website\",\"url\":\"https:\\\/\\\/ptptsr.pl\\\/\",\"name\":\"PTPTSR\",\"description\":\"Polskie Towarzystwo Psychologicznej Terapii Skoncentrowanej na Rozwi\u0105zaniach\",\"publisher\":{\"@id\":\"https:\\\/\\\/ptptsr.pl\\\/#organization\"},\"potentialAction\":[{\"@type\":\"SearchAction\",\"target\":{\"@type\":\"EntryPoint\",\"urlTemplate\":\"https:\\\/\\\/ptptsr.pl\\\/?s={search_term_string}\"},\"query-input\":{\"@type\":\"PropertyValueSpecification\",\"valueRequired\":true,\"valueName\":\"search_term_string\"}}],\"inLanguage\":\"en-GB\"},{\"@type\":\"Organization\",\"@id\":\"https:\\\/\\\/ptptsr.pl\\\/#organization\",\"name\":\"PTPTSR\",\"url\":\"https:\\\/\\\/ptptsr.pl\\\/\",\"logo\":{\"@type\":\"ImageObject\",\"inLanguage\":\"en-GB\",\"@id\":\"https:\\\/\\\/ptptsr.pl\\\/#\\\/schema\\\/logo\\\/image\\\/\",\"url\":\"https:\\\/\\\/ptptsr.pl\\\/wp-content\\\/uploads\\\/2024\\\/02\\\/PNGVersion.png\",\"contentUrl\":\"https:\\\/\\\/ptptsr.pl\\\/wp-content\\\/uploads\\\/2024\\\/02\\\/PNGVersion.png\",\"width\":1114,\"height\":1080,\"caption\":\"PTPTSR\"},\"image\":{\"@id\":\"https:\\\/\\\/ptptsr.pl\\\/#\\\/schema\\\/logo\\\/image\\\/\"}}]}<\/script>\n<!-- \/ Yoast SEO plugin. -->","yoast_head_json":{"title":"Do\u0142\u0105cz do PTPTSR - PTPTSR","robots":{"index":"index","follow":"follow","max-snippet":"max-snippet:-1","max-image-preview":"max-image-preview:large","max-video-preview":"max-video-preview:-1"},"canonical":"https:\/\/ptptsr.pl\/en\/dolacz-do-ptptsr\/","og_locale":"en_GB","og_type":"article","og_title":"Do\u0142\u0105cz do PTPTSR - PTPTSR","og_description":"Doceniamy, \u017ce rozwa\u017casz cz\u0142onkostwo w Polskim Towarzystwie Psychologicznej Terapii Skoncentrowanej na Rozwi\u0105zaniach (PTPTSR). Nasze Stowarzyszenie jest domem dla profesjonalist\u00f3w, kt\u00f3rzy podzielaj\u0105 pasj\u0119 do terapii skoncentrowanej na rozwi\u0105zaniach, d\u0105\u017c\u0105c do rozwoju i doskonalenia tego podej\u015bcia w szeroko rozumianej praktyce pomocowej. Jakie korzy\u015bci niesie cz\u0142onkostwo? Jako cz\u0142onek PTPTSR do\u0142\u0105czysz do szerokiego grona specjalist\u00f3w pasjonat\u00f3w psychoterapii i zyskasz [&hellip;]","og_url":"https:\/\/ptptsr.pl\/en\/dolacz-do-ptptsr\/","og_site_name":"PTPTSR","article_modified_time":"2026-02-10T22:53:26+00:00","og_image":[{"width":2560,"height":1440,"url":"https:\/\/ptptsr.pl\/wp-content\/uploads\/2024\/09\/stowarzyszenie-tsr-scaled.jpg","type":"image\/jpeg"}],"twitter_card":"summary_large_image","twitter_misc":{"Estimated reading time":"2 minutes"},"schema":{"@context":"https:\/\/schema.org","@graph":[{"@type":"WebPage","@id":"https:\/\/ptptsr.pl\/dolacz-do-ptptsr\/","url":"https:\/\/ptptsr.pl\/dolacz-do-ptptsr\/","name":"Do\u0142\u0105cz do PTPTSR - PTPTSR","isPartOf":{"@id":"https:\/\/ptptsr.pl\/#website"},"primaryImageOfPage":{"@id":"https:\/\/ptptsr.pl\/dolacz-do-ptptsr\/#primaryimage"},"image":{"@id":"https:\/\/ptptsr.pl\/dolacz-do-ptptsr\/#primaryimage"},"thumbnailUrl":"https:\/\/ptptsr.pl\/wp-content\/uploads\/2024\/09\/stowarzyszenie-tsr-scaled.jpg","datePublished":"2024-04-22T03:59:06+00:00","dateModified":"2026-02-10T22:53:26+00:00","breadcrumb":{"@id":"https:\/\/ptptsr.pl\/dolacz-do-ptptsr\/#breadcrumb"},"inLanguage":"en-GB","potentialAction":[{"@type":"ReadAction","target":["https:\/\/ptptsr.pl\/dolacz-do-ptptsr\/"]}]},{"@type":"ImageObject","inLanguage":"en-GB","@id":"https:\/\/ptptsr.pl\/dolacz-do-ptptsr\/#primaryimage","url":"https:\/\/ptptsr.pl\/wp-content\/uploads\/2024\/09\/stowarzyszenie-tsr-scaled.jpg","contentUrl":"https:\/\/ptptsr.pl\/wp-content\/uploads\/2024\/09\/stowarzyszenie-tsr-scaled.jpg","width":2560,"height":1440},{"@type":"BreadcrumbList","@id":"https:\/\/ptptsr.pl\/dolacz-do-ptptsr\/#breadcrumb","itemListElement":[{"@type":"ListItem","position":1,"name":"Strona g\u0142\u00f3wna","item":"https:\/\/ptptsr.pl\/"},{"@type":"ListItem","position":2,"name":"Do\u0142\u0105cz do PTPTSR"}]},{"@type":"WebSite","@id":"https:\/\/ptptsr.pl\/#website","url":"https:\/\/ptptsr.pl\/","name":"PTPTSR","description":"Polish Society for Solution-Focused Psychological Therapy","publisher":{"@id":"https:\/\/ptptsr.pl\/#organization"},"potentialAction":[{"@type":"SearchAction","target":{"@type":"EntryPoint","urlTemplate":"https:\/\/ptptsr.pl\/?s={search_term_string}"},"query-input":{"@type":"PropertyValueSpecification","valueRequired":true,"valueName":"search_term_string"}}],"inLanguage":"en-GB"},{"@type":"Organization","@id":"https:\/\/ptptsr.pl\/#organization","name":"PTPTSR","url":"https:\/\/ptptsr.pl\/","logo":{"@type":"ImageObject","inLanguage":"en-GB","@id":"https:\/\/ptptsr.pl\/#\/schema\/logo\/image\/","url":"https:\/\/ptptsr.pl\/wp-content\/uploads\/2024\/02\/PNGVersion.png","contentUrl":"https:\/\/ptptsr.pl\/wp-content\/uploads\/2024\/02\/PNGVersion.png","width":1114,"height":1080,"caption":"PTPTSR"},"image":{"@id":"https:\/\/ptptsr.pl\/#\/schema\/logo\/image\/"}}]}},"uagb_featured_image_src":{"full":["https:\/\/ptptsr.pl\/wp-content\/uploads\/2024\/09\/stowarzyszenie-tsr-scaled.jpg",2560,1440,false],"thumbnail":["https:\/\/ptptsr.pl\/wp-content\/uploads\/2024\/09\/stowarzyszenie-tsr-150x150.jpg",150,150,true],"medium":["https:\/\/ptptsr.pl\/wp-content\/uploads\/2024\/09\/stowarzyszenie-tsr-300x169.jpg",300,169,true],"medium_large":["https:\/\/ptptsr.pl\/wp-content\/uploads\/2024\/09\/stowarzyszenie-tsr-768x432.jpg",768,432,true],"large":["https:\/\/ptptsr.pl\/wp-content\/uploads\/2024\/09\/stowarzyszenie-tsr-1024x576.jpg",1024,576,true],"1536x1536":["https:\/\/ptptsr.pl\/wp-content\/uploads\/2024\/09\/stowarzyszenie-tsr-1536x864.jpg",1536,864,true],"2048x2048":["https:\/\/ptptsr.pl\/wp-content\/uploads\/2024\/09\/stowarzyszenie-tsr-2048x1152.jpg",2048,1152,true],"trp-custom-language-flag":["https:\/\/ptptsr.pl\/wp-content\/uploads\/2024\/09\/stowarzyszenie-tsr-scaled.jpg",18,10,false],"woocommerce_thumbnail":["https:\/\/ptptsr.pl\/wp-content\/uploads\/2024\/09\/stowarzyszenie-tsr-scaled-300x300.jpg",300,300,true],"woocommerce_single":["https:\/\/ptptsr.pl\/wp-content\/uploads\/2024\/09\/stowarzyszenie-tsr-scaled.jpg",600,338,false],"woocommerce_gallery_thumbnail":["https:\/\/ptptsr.pl\/wp-content\/uploads\/2024\/09\/stowarzyszenie-tsr-scaled-100x100.jpg",100,100,true]},"uagb_author_info":{"display_name":"admin-HdvrTzzh","author_link":"https:\/\/ptptsr.pl\/en\/author\/admin-hdvrtzzh\/"},"uagb_comment_info":0,"uagb_excerpt":"Doceniamy, \u017ce rozwa\u017casz cz\u0142onkostwo w Polskim Towarzystwie Psychologicznej Terapii Skoncentrowanej na Rozwi\u0105zaniach (PTPTSR). Nasze Stowarzyszenie jest domem dla profesjonalist\u00f3w, kt\u00f3rzy podzielaj\u0105 pasj\u0119 do terapii skoncentrowanej na rozwi\u0105zaniach, d\u0105\u017c\u0105c do rozwoju i doskonalenia tego podej\u015bcia w szeroko rozumianej praktyce pomocowej. Jakie korzy\u015bci niesie cz\u0142onkostwo? Jako cz\u0142onek PTPTSR do\u0142\u0105czysz do szerokiego grona specjalist\u00f3w pasjonat\u00f3w psychoterapii i zyskasz&hellip;","_links":{"self":[{"href":"https:\/\/ptptsr.pl\/en\/wp-json\/wp\/v2\/pages\/457","targetHints":{"allow":["GET"]}}],"collection":[{"href":"https:\/\/ptptsr.pl\/en\/wp-json\/wp\/v2\/pages"}],"about":[{"href":"https:\/\/ptptsr.pl\/en\/wp-json\/wp\/v2\/types\/page"}],"author":[{"embeddable":true,"href":"https:\/\/ptptsr.pl\/en\/wp-json\/wp\/v2\/users\/1"}],"replies":[{"embeddable":true,"href":"https:\/\/ptptsr.pl\/en\/wp-json\/wp\/v2\/comments?post=457"}],"version-history":[{"count":5,"href":"https:\/\/ptptsr.pl\/en\/wp-json\/wp\/v2\/pages\/457\/revisions"}],"predecessor-version":[{"id":772,"href":"https:\/\/ptptsr.pl\/en\/wp-json\/wp\/v2\/pages\/457\/revisions\/772"}],"wp:featuredmedia":[{"embeddable":true,"href":"https:\/\/ptptsr.pl\/en\/wp-json\/wp\/v2\/media\/538"}],"wp:attachment":[{"href":"https:\/\/ptptsr.pl\/en\/wp-json\/wp\/v2\/media?parent=457"}],"curies":[{"name":"wp","href":"https:\/\/api.w.org\/{rel}","templated":true}]}}