{"id":178,"date":"2023-12-21T17:46:02","date_gmt":"2023-12-21T16:46:02","guid":{"rendered":"https:\/\/ptptsr.pl\/?page_id=178"},"modified":"2026-03-06T10:47:27","modified_gmt":"2026-03-06T09:47:27","slug":"kodeks-etyki-zawodowej-ptp-tsr","status":"publish","type":"page","link":"https:\/\/ptptsr.pl\/en\/kodeks-etyki-zawodowej-ptp-tsr\/","title":{"rendered":"KODEKS ETYKI ZAWODOWEJ PTP TSR"},"content":{"rendered":"<div data-elementor-type=\"wp-page\" data-elementor-id=\"178\" class=\"elementor elementor-178\">\n\t\t\t\t<div class=\"elementor-element elementor-element-90663a6 e-con-full e-flex e-con e-parent\" data-id=\"90663a6\" data-element_type=\"container\" data-e-type=\"container\">\n\t\t\t\t<div class=\"elementor-element elementor-element-016f129 elementor-widget elementor-widget-html\" data-id=\"016f129\" data-element_type=\"widget\" data-e-type=\"widget\" data-widget_type=\"html.default\">\n\t\t\t\t\t<style>\n  #ptp-ethics {\n    font-family: 'Helvetica Neue', Helvetica, Arial, sans-serif !important;\n    background-color: #f9f9f9 !important;\n    color: #333 !important;\n    line-height: 1.7 !important;\n    box-sizing: border-box !important;\n    width: 100% !important;\n    max-width: 100% !important;\n    overflow-x: hidden !important;\n  }\n\n  #ptp-ethics * {\n    box-sizing: border-box !important;\n  }\n\n  \/* ===== HERO ===== *\/\n  .eth-hero {\n    position: relative !important;\n    background: linear-gradient(135deg, #5549b8 0%, #3d35a8 100%) !important;\n    padding: 80px 20px !important;\n    text-align: center !important;\n    overflow: hidden !important;\n  }\n\n  .eth-hero::before {\n    content: '' !important;\n    position: absolute !important;\n    top: -80px !important; right: -80px !important;\n    width: 380px !important; height: 380px !important;\n    border-radius: 50% !important;\n    background: rgba(255,255,255,0.05) !important;\n    pointer-events: none !important;\n  }\n\n  .eth-hero::after {\n    content: '' !important;\n    position: absolute !important;\n    bottom: -100px !important; left: -60px !important;\n    width: 300px !important; height: 300px !important;\n    border-radius: 50% !important;\n    background: rgba(255,255,255,0.05) !important;\n    pointer-events: none !important;\n  }\n\n  .eth-hero-inner {\n    position: relative !important;\n    z-index: 2 !important;\n    max-width: 800px !important;\n    margin: 0 auto !important;\n  }\n\n  .eth-hero-badge {\n    display: inline-block !important;\n    background: rgba(255,255,255,0.15) !important;\n    border: 1px solid rgba(255,255,255,0.3) !important;\n    color: #fff !important;\n    font-size: 12px !important;\n    font-weight: 700 !important;\n    letter-spacing: 2.5px !important;\n    text-transform: uppercase !important;\n    padding: 6px 18px !important;\n    border-radius: 50px !important;\n    margin-bottom: 24px !important;\n  }\n\n  .eth-hero-title {\n    font-size: 36px !important;\n    font-weight: 800 !important;\n    color: #fff !important;\n    line-height: 1.2 !important;\n    margin: 0 0 16px 0 !important;\n  }\n\n  .eth-hero-meta {\n    font-size: 14px !important;\n    color: rgba(255,255,255,0.75) !important;\n    margin: 0 !important;\n  }\n\n  \/* ===== WST\u0118P ===== *\/\n  .eth-intro {\n    max-width: 860px !important;\n    margin: 0 auto !important;\n    padding: 60px 30px !important;\n    text-align: center !important;\n  }\n\n  .eth-intro-text {\n    font-size: 17px !important;\n    color: #555 !important;\n    line-height: 1.8 !important;\n    border-left: 4px solid #5549b8 !important;\n    background: #fff !important;\n    padding: 24px 28px !important;\n    border-radius: 0 12px 12px 0 !important;\n    text-align: left !important;\n    box-shadow: 0 2px 12px rgba(85,73,184,0.07) !important;\n    margin: 0 !important;\n  }\n\n  \/* ===== SIATKA ZASAD ===== *\/\n  .eth-grid {\n    max-width: 1200px !important;\n    margin: 0 auto !important;\n    padding: 0 30px 80px 30px !important;\n    display: grid !important;\n    grid-template-columns: repeat(2, 1fr) !important;\n    gap: 24px !important;\n  }\n\n  @media (max-width: 768px) {\n    .eth-grid {\n      grid-template-columns: 1fr !important;\n      padding: 0 16px 60px 16px !important;\n    }\n    .eth-hero-title {\n      font-size: 26px !important;\n    }\n    .eth-intro {\n      padding: 40px 16px !important;\n    }\n  }\n\n  \/* ===== KARTA ZASADY ===== *\/\n  .eth-card {\n    background: #fff !important;\n    border-radius: 16px !important;\n    border: 1px solid #ebebeb !important;\n    box-shadow: 0 3px 14px rgba(85,73,184,0.06) !important;\n    overflow: hidden !important;\n    transition: transform 0.25s ease, box-shadow 0.25s ease !important;\n    display: flex !important;\n    flex-direction: column !important;\n  }\n\n  .eth-card:hover {\n    transform: translateY(-4px) !important;\n    box-shadow: 0 10px 28px rgba(85,73,184,0.12) !important;\n  }\n\n  .eth-card-header {\n    padding: 22px 24px 18px 24px !important;\n    display: flex !important;\n    align-items: center !important;\n    gap: 14px !important;\n    border-bottom: 1px solid #f2f2f2 !important;\n  }\n\n  .eth-card-num {\n    width: 38px !important;\n    height: 38px !important;\n    border-radius: 10px !important;\n    background: linear-gradient(135deg, #5549b8, #3d35a8) !important;\n    color: #fff !important;\n    font-size: 15px !important;\n    font-weight: 800 !important;\n    display: flex !important;\n    align-items: center !important;\n    justify-content: center !important;\n    flex-shrink: 0 !important;\n  }\n\n  .eth-card-title {\n    font-size: 17px !important;\n    font-weight: 700 !important;\n    color: #222 !important;\n    margin: 0 !important;\n    line-height: 1.3 !important;\n  }\n\n  .eth-card-body {\n    padding: 20px 24px !important;\n    flex: 1 !important;\n  }\n\n  .eth-card-body p {\n    font-size: 15px !important;\n    color: #555 !important;\n    line-height: 1.75 !important;\n    margin: 0 !important;\n  }\n\n  \/* Karta wyr\u00f3\u017cniona (\u00a75 \"Nie szkodzi\u0107\") *\/\n  .eth-card--featured .eth-card-header {\n    background: linear-gradient(135deg, rgba(85,73,184,0.06), rgba(61,53,168,0.04)) !important;\n  }\n\n  .eth-card--featured .eth-card-num {\n    background: linear-gradient(135deg, #e85d5d, #c0392b) !important;\n  }\n<\/style>\n\n<div id=\"ptp-ethics\">\n\n  <!-- HERO -->\n  <div class=\"eth-hero\">\n    <div class=\"eth-hero-inner\">\n      <div class=\"eth-hero-badge\">PTP TSR<\/div>\n      <h1 class=\"eth-hero-title\">Kodeks Etyki Zawodowej<br>Cz\u0142onk\u00f3w PTP TSR<\/h1>\n      <p class=\"eth-hero-meta\">Przyj\u0119ty przez Walne Zebranie Cz\u0142onk\u00f3w w dniu 30.12.2023 r.<\/p>\n    <\/div>\n  <\/div>\n\n  <!-- WST\u0118P -->\n  <div class=\"eth-intro\">\n    <p class=\"eth-intro-text\">\n      Podstaw\u0105 etyki zawodowej Cz\u0142onk\u00f3w Polskiego Towarzystwa Psychologicznej Terapii Skoncentrowanej na Rozwi\u0105zaniach jest praca nad przywracaniem i wzmacnianiem dobrostanu cz\u0142owieka, realizowana przez dzia\u0142alno\u015b\u0107 Cz\u0142onk\u00f3w PTPTSR w obszarach: naukowo-badawczym, edukacyjnym oraz w obszarze pomocy psychologicznej.\n    <\/p>\n  <\/div>\n\n  <!-- SIATKA ZASAD -->\n  <div class=\"eth-grid\">\n\n    <!-- 1 -->\n    <div class=\"eth-card\">\n      <div class=\"eth-card-header\">\n        <div class=\"eth-card-num\">1<\/div>\n        <h3 class=\"eth-card-title\">Wyznawane warto\u015bci<\/h3>\n      <\/div>\n      <div class=\"eth-card-body\">\n        <p>Cz\u0142onkowie PTPTSR powinni kierowa\u0107 si\u0119 w swoim post\u0119powaniu przede wszystkim warto\u015bciami moralnymi, takimi jak szacunek, uczciwo\u015b\u0107, empatia, tolerancja i sprawiedliwo\u015b\u0107.<\/p>\n      <\/div>\n    <\/div>\n\n    <!-- 2 -->\n    <div class=\"eth-card\">\n      <div class=\"eth-card-header\">\n        <div class=\"eth-card-num\">2<\/div>\n        <h3 class=\"eth-card-title\">Kompetencje zawodowe<\/h3>\n      <\/div>\n      <div class=\"eth-card-body\">\n        <p>Cz\u0142onkowie PTPTSR powinni stale rozwija\u0107 swoje umiej\u0119tno\u015bci i wiedz\u0119, aby zapewni\u0107 klientom najwy\u017csz\u0105 jako\u015b\u0107 us\u0142ug. Dotyczy to w szczeg\u00f3lno\u015bci technik terapii opartych o dowody naukowe oraz ci\u0105g\u0142ej ewaluacji skuteczno\u015bci stosowanych metod.<\/p>\n      <\/div>\n    <\/div>\n\n    <!-- 3 -->\n    <div class=\"eth-card\">\n      <div class=\"eth-card-header\">\n        <div class=\"eth-card-num\">3<\/div>\n        <h3 class=\"eth-card-title\">Troska o dobro klienta<\/h3>\n      <\/div>\n      <div class=\"eth-card-body\">\n        <p>Dobro klienta jest zawsze na pierwszym miejscu. Cz\u0142onkowie PTPTSR dbaj\u0105 o jego bezpiecze\u0144stwo, komfort i prywatno\u015b\u0107, \u015bwiadcz\u0105c pomoc zgodnie z najwy\u017cszymi standardami etycznymi, szanuj\u0105c godno\u015b\u0107 i autonomi\u0119 ka\u017cdej osoby.<\/p>\n      <\/div>\n    <\/div>\n\n    <!-- 4 -->\n    <div class=\"eth-card\">\n      <div class=\"eth-card-header\">\n        <div class=\"eth-card-num\">4<\/div>\n        <h3 class=\"eth-card-title\">Zaufanie i prywatno\u015b\u0107<\/h3>\n      <\/div>\n      <div class=\"eth-card-body\">\n        <p>Cz\u0142onkowie PTPTSR zachowuj\u0105 tajemnic\u0119 zawodow\u0105 i respektuj\u0105 poufno\u015b\u0107 informacji uzyskanych od klienta. Informacje te mog\u0105 by\u0107 ujawnione wy\u0142\u0105cznie za zgod\u0105 klienta lub w sytuacjach wymaganych prawem.<\/p>\n      <\/div>\n    <\/div>\n\n    <!-- 5 - wyr\u00f3\u017cniona -->\n    <div class=\"eth-card eth-card--featured\">\n      <div class=\"eth-card-header\">\n        <div class=\"eth-card-num\">5<\/div>\n        <h3 class=\"eth-card-title\">\u201eNajwa\u017cniejsze \u2014 nie szkodzi\u0107\"<\/h3>\n      <\/div>\n      <div class=\"eth-card-body\">\n        <p>Cz\u0142onkowie PTPTSR dzia\u0142aj\u0105 uczciwie, nie wprowadzaj\u0105 klienta w b\u0142\u0105d i nie wykorzystuj\u0105 swojej pozycji dla w\u0142asnych korzy\u015bci. W szczeg\u00f3lno\u015bci nie udzielaj\u0105 porad w dziedzinach, do kt\u00f3rych nie posiadaj\u0105 odpowiednich kompetencji i wykszta\u0142cenia.<\/p>\n      <\/div>\n    <\/div>\n\n    <!-- 6 -->\n    <div class=\"eth-card\">\n      <div class=\"eth-card-header\">\n        <div class=\"eth-card-num\">6<\/div>\n        <h3 class=\"eth-card-title\">Bezstronno\u015b\u0107<\/h3>\n      <\/div>\n      <div class=\"eth-card-body\">\n        <p>Cz\u0142onkowie PTPTSR szanuj\u0105 r\u00f3\u017cnice \u015bwiatopogl\u0105dowe, kulturowe, etniczne, religijne oraz odmienno\u015bci w zakresie sprawno\u015bci psychofizycznej, seksualno\u015bci i statusu spo\u0142eczno-ekonomicznego, zapewniaj\u0105c ka\u017cdemu profesjonalne wsparcie.<\/p>\n      <\/div>\n    <\/div>\n\n    <!-- 7 -->\n    <div class=\"eth-card\">\n      <div class=\"eth-card-header\">\n        <div class=\"eth-card-num\">7<\/div>\n        <h3 class=\"eth-card-title\">Konsultacja z innymi specjalistami<\/h3>\n      <\/div>\n      <div class=\"eth-card-body\">\n        <p>Cz\u0142onkowie PTPTSR korzystaj\u0105 z konsultacji z innymi specjalistami, aktywnie uczestnicz\u0105 w konferencjach i szkoleniach oraz \u015bledz\u0105 nowe odkrycia naukowe w zakresie skutecznych technik terapeutycznych, w tym TSR.<\/p>\n      <\/div>\n    <\/div>\n\n    <!-- 8 -->\n    <div class=\"eth-card\">\n      <div class=\"eth-card-header\">\n        <div class=\"eth-card-num\">8<\/div>\n        <h3 class=\"eth-card-title\">Transparentno\u015b\u0107<\/h3>\n      <\/div>\n      <div class=\"eth-card-body\">\n        <p>Terapeuta\u2013Cz\u0142onek PTPTSR prowadzi proces terapeutyczny w spos\u00f3b klarowny. Klient jest \u015bwiadomy wszystkich jego aspekt\u00f3w i mo\u017ce zadawa\u0107 pytania. Terapeuta regularnie ocenia post\u0119py klienta i dostosowuje tempo oraz narz\u0119dzia terapii.<\/p>\n      <\/div>\n    <\/div>\n\n  <\/div><!-- \/.eth-grid -->\n\n<\/div><!-- \/#ptp-ethics -->\t\t\t\t<\/div>\n\t\t\t\t<\/div>\n\t\t\t\t<\/div>","protected":false},"excerpt":{"rendered":"<p>PTP TSR Kodeks Etyki ZawodowejCz\u0142onk\u00f3w PTP TSR Przyj\u0119ty przez Walne Zebranie Cz\u0142onk\u00f3w w dniu 30.12.2023 r. Podstaw\u0105 etyki zawodowej Cz\u0142onk\u00f3w Polskiego Towarzystwa Psychologicznej Terapii Skoncentrowanej na Rozwi\u0105zaniach jest praca nad przywracaniem i wzmacnianiem dobrostanu cz\u0142owieka, realizowana przez dzia\u0142alno\u015b\u0107 Cz\u0142onk\u00f3w PTPTSR w obszarach: naukowo-badawczym, edukacyjnym oraz w obszarze pomocy psychologicznej. 1 Wyznawane warto\u015bci Cz\u0142onkowie PTPTSR powinni [&hellip;]<\/p>\n","protected":false},"author":1,"featured_media":455,"parent":0,"menu_order":0,"comment_status":"closed","ping_status":"closed","template":"","meta":{"_uag_custom_page_level_css":"","footnotes":""},"class_list":["post-178","page","type-page","status-publish","has-post-thumbnail","hentry"],"yoast_head":"<!-- This site is optimized with the Yoast SEO plugin v27.4 - https:\/\/yoast.com\/product\/yoast-seo-wordpress\/ -->\n<title>KODEKS ETYKI ZAWODOWEJ PTP TSR - PTPTSR<\/title>\n<meta name=\"robots\" content=\"index, follow, max-snippet:-1, max-image-preview:large, max-video-preview:-1\" \/>\n<link rel=\"canonical\" href=\"https:\/\/ptptsr.pl\/en\/kodeks-etyki-zawodowej-ptp-tsr\/\" \/>\n<meta property=\"og:locale\" content=\"en_GB\" \/>\n<meta property=\"og:type\" content=\"article\" \/>\n<meta property=\"og:title\" content=\"KODEKS ETYKI ZAWODOWEJ PTP TSR - PTPTSR\" \/>\n<meta property=\"og:description\" content=\"PTP TSR Kodeks Etyki ZawodowejCz\u0142onk\u00f3w PTP TSR Przyj\u0119ty przez Walne Zebranie Cz\u0142onk\u00f3w w dniu 30.12.2023 r. Podstaw\u0105 etyki zawodowej Cz\u0142onk\u00f3w Polskiego Towarzystwa Psychologicznej Terapii Skoncentrowanej na Rozwi\u0105zaniach jest praca nad przywracaniem i wzmacnianiem dobrostanu cz\u0142owieka, realizowana przez dzia\u0142alno\u015b\u0107 Cz\u0142onk\u00f3w PTPTSR w obszarach: naukowo-badawczym, edukacyjnym oraz w obszarze pomocy psychologicznej. 1 Wyznawane warto\u015bci Cz\u0142onkowie PTPTSR powinni [&hellip;]\" \/>\n<meta property=\"og:url\" content=\"https:\/\/ptptsr.pl\/en\/kodeks-etyki-zawodowej-ptp-tsr\/\" \/>\n<meta property=\"og:site_name\" content=\"PTPTSR\" \/>\n<meta property=\"article:modified_time\" content=\"2026-03-06T09:47:27+00:00\" \/>\n<meta property=\"og:image\" content=\"https:\/\/ptptsr.pl\/wp-content\/uploads\/2024\/04\/tsr-kodeks-etyki.jpg\" \/>\n\t<meta property=\"og:image:width\" content=\"1640\" \/>\n\t<meta property=\"og:image:height\" content=\"924\" \/>\n\t<meta property=\"og:image:type\" content=\"image\/jpeg\" \/>\n<meta name=\"twitter:card\" content=\"summary_large_image\" \/>\n<meta name=\"twitter:label1\" content=\"Estimated reading time\" \/>\n\t<meta name=\"twitter:data1\" content=\"5 minutes\" \/>\n<script type=\"application\/ld+json\" class=\"yoast-schema-graph\">{\"@context\":\"https:\\\/\\\/schema.org\",\"@graph\":[{\"@type\":\"WebPage\",\"@id\":\"https:\\\/\\\/ptptsr.pl\\\/kodeks-etyki-zawodowej-ptp-tsr\\\/\",\"url\":\"https:\\\/\\\/ptptsr.pl\\\/kodeks-etyki-zawodowej-ptp-tsr\\\/\",\"name\":\"KODEKS ETYKI ZAWODOWEJ PTP TSR - PTPTSR\",\"isPartOf\":{\"@id\":\"https:\\\/\\\/ptptsr.pl\\\/#website\"},\"primaryImageOfPage\":{\"@id\":\"https:\\\/\\\/ptptsr.pl\\\/kodeks-etyki-zawodowej-ptp-tsr\\\/#primaryimage\"},\"image\":{\"@id\":\"https:\\\/\\\/ptptsr.pl\\\/kodeks-etyki-zawodowej-ptp-tsr\\\/#primaryimage\"},\"thumbnailUrl\":\"https:\\\/\\\/ptptsr.pl\\\/wp-content\\\/uploads\\\/2024\\\/04\\\/tsr-kodeks-etyki.jpg\",\"datePublished\":\"2023-12-21T16:46:02+00:00\",\"dateModified\":\"2026-03-06T09:47:27+00:00\",\"breadcrumb\":{\"@id\":\"https:\\\/\\\/ptptsr.pl\\\/kodeks-etyki-zawodowej-ptp-tsr\\\/#breadcrumb\"},\"inLanguage\":\"en-GB\",\"potentialAction\":[{\"@type\":\"ReadAction\",\"target\":[\"https:\\\/\\\/ptptsr.pl\\\/kodeks-etyki-zawodowej-ptp-tsr\\\/\"]}]},{\"@type\":\"ImageObject\",\"inLanguage\":\"en-GB\",\"@id\":\"https:\\\/\\\/ptptsr.pl\\\/kodeks-etyki-zawodowej-ptp-tsr\\\/#primaryimage\",\"url\":\"https:\\\/\\\/ptptsr.pl\\\/wp-content\\\/uploads\\\/2024\\\/04\\\/tsr-kodeks-etyki.jpg\",\"contentUrl\":\"https:\\\/\\\/ptptsr.pl\\\/wp-content\\\/uploads\\\/2024\\\/04\\\/tsr-kodeks-etyki.jpg\",\"width\":1640,\"height\":924},{\"@type\":\"BreadcrumbList\",\"@id\":\"https:\\\/\\\/ptptsr.pl\\\/kodeks-etyki-zawodowej-ptp-tsr\\\/#breadcrumb\",\"itemListElement\":[{\"@type\":\"ListItem\",\"position\":1,\"name\":\"Strona g\u0142\u00f3wna\",\"item\":\"https:\\\/\\\/ptptsr.pl\\\/\"},{\"@type\":\"ListItem\",\"position\":2,\"name\":\"KODEKS ETYKI ZAWODOWEJ PTP TSR\"}]},{\"@type\":\"WebSite\",\"@id\":\"https:\\\/\\\/ptptsr.pl\\\/#website\",\"url\":\"https:\\\/\\\/ptptsr.pl\\\/\",\"name\":\"PTPTSR\",\"description\":\"Polskie Towarzystwo Psychologicznej Terapii Skoncentrowanej na Rozwi\u0105zaniach\",\"publisher\":{\"@id\":\"https:\\\/\\\/ptptsr.pl\\\/#organization\"},\"potentialAction\":[{\"@type\":\"SearchAction\",\"target\":{\"@type\":\"EntryPoint\",\"urlTemplate\":\"https:\\\/\\\/ptptsr.pl\\\/?s={search_term_string}\"},\"query-input\":{\"@type\":\"PropertyValueSpecification\",\"valueRequired\":true,\"valueName\":\"search_term_string\"}}],\"inLanguage\":\"en-GB\"},{\"@type\":\"Organization\",\"@id\":\"https:\\\/\\\/ptptsr.pl\\\/#organization\",\"name\":\"PTPTSR\",\"url\":\"https:\\\/\\\/ptptsr.pl\\\/\",\"logo\":{\"@type\":\"ImageObject\",\"inLanguage\":\"en-GB\",\"@id\":\"https:\\\/\\\/ptptsr.pl\\\/#\\\/schema\\\/logo\\\/image\\\/\",\"url\":\"https:\\\/\\\/ptptsr.pl\\\/wp-content\\\/uploads\\\/2024\\\/02\\\/PNGVersion.png\",\"contentUrl\":\"https:\\\/\\\/ptptsr.pl\\\/wp-content\\\/uploads\\\/2024\\\/02\\\/PNGVersion.png\",\"width\":1114,\"height\":1080,\"caption\":\"PTPTSR\"},\"image\":{\"@id\":\"https:\\\/\\\/ptptsr.pl\\\/#\\\/schema\\\/logo\\\/image\\\/\"}}]}<\/script>\n<!-- \/ Yoast SEO plugin. -->","yoast_head_json":{"title":"KODEKS ETYKI ZAWODOWEJ PTP TSR - PTPTSR","robots":{"index":"index","follow":"follow","max-snippet":"max-snippet:-1","max-image-preview":"max-image-preview:large","max-video-preview":"max-video-preview:-1"},"canonical":"https:\/\/ptptsr.pl\/en\/kodeks-etyki-zawodowej-ptp-tsr\/","og_locale":"en_GB","og_type":"article","og_title":"KODEKS ETYKI ZAWODOWEJ PTP TSR - PTPTSR","og_description":"PTP TSR Kodeks Etyki ZawodowejCz\u0142onk\u00f3w PTP TSR Przyj\u0119ty przez Walne Zebranie Cz\u0142onk\u00f3w w dniu 30.12.2023 r. Podstaw\u0105 etyki zawodowej Cz\u0142onk\u00f3w Polskiego Towarzystwa Psychologicznej Terapii Skoncentrowanej na Rozwi\u0105zaniach jest praca nad przywracaniem i wzmacnianiem dobrostanu cz\u0142owieka, realizowana przez dzia\u0142alno\u015b\u0107 Cz\u0142onk\u00f3w PTPTSR w obszarach: naukowo-badawczym, edukacyjnym oraz w obszarze pomocy psychologicznej. 1 Wyznawane warto\u015bci Cz\u0142onkowie PTPTSR powinni [&hellip;]","og_url":"https:\/\/ptptsr.pl\/en\/kodeks-etyki-zawodowej-ptp-tsr\/","og_site_name":"PTPTSR","article_modified_time":"2026-03-06T09:47:27+00:00","og_image":[{"width":1640,"height":924,"url":"https:\/\/ptptsr.pl\/wp-content\/uploads\/2024\/04\/tsr-kodeks-etyki.jpg","type":"image\/jpeg"}],"twitter_card":"summary_large_image","twitter_misc":{"Estimated reading time":"5 minutes"},"schema":{"@context":"https:\/\/schema.org","@graph":[{"@type":"WebPage","@id":"https:\/\/ptptsr.pl\/kodeks-etyki-zawodowej-ptp-tsr\/","url":"https:\/\/ptptsr.pl\/kodeks-etyki-zawodowej-ptp-tsr\/","name":"KODEKS ETYKI ZAWODOWEJ PTP TSR - PTPTSR","isPartOf":{"@id":"https:\/\/ptptsr.pl\/#website"},"primaryImageOfPage":{"@id":"https:\/\/ptptsr.pl\/kodeks-etyki-zawodowej-ptp-tsr\/#primaryimage"},"image":{"@id":"https:\/\/ptptsr.pl\/kodeks-etyki-zawodowej-ptp-tsr\/#primaryimage"},"thumbnailUrl":"https:\/\/ptptsr.pl\/wp-content\/uploads\/2024\/04\/tsr-kodeks-etyki.jpg","datePublished":"2023-12-21T16:46:02+00:00","dateModified":"2026-03-06T09:47:27+00:00","breadcrumb":{"@id":"https:\/\/ptptsr.pl\/kodeks-etyki-zawodowej-ptp-tsr\/#breadcrumb"},"inLanguage":"en-GB","potentialAction":[{"@type":"ReadAction","target":["https:\/\/ptptsr.pl\/kodeks-etyki-zawodowej-ptp-tsr\/"]}]},{"@type":"ImageObject","inLanguage":"en-GB","@id":"https:\/\/ptptsr.pl\/kodeks-etyki-zawodowej-ptp-tsr\/#primaryimage","url":"https:\/\/ptptsr.pl\/wp-content\/uploads\/2024\/04\/tsr-kodeks-etyki.jpg","contentUrl":"https:\/\/ptptsr.pl\/wp-content\/uploads\/2024\/04\/tsr-kodeks-etyki.jpg","width":1640,"height":924},{"@type":"BreadcrumbList","@id":"https:\/\/ptptsr.pl\/kodeks-etyki-zawodowej-ptp-tsr\/#breadcrumb","itemListElement":[{"@type":"ListItem","position":1,"name":"Strona g\u0142\u00f3wna","item":"https:\/\/ptptsr.pl\/"},{"@type":"ListItem","position":2,"name":"KODEKS ETYKI ZAWODOWEJ PTP TSR"}]},{"@type":"WebSite","@id":"https:\/\/ptptsr.pl\/#website","url":"https:\/\/ptptsr.pl\/","name":"PTPTSR","description":"Polish Society for Solution-Focused Psychological Therapy","publisher":{"@id":"https:\/\/ptptsr.pl\/#organization"},"potentialAction":[{"@type":"SearchAction","target":{"@type":"EntryPoint","urlTemplate":"https:\/\/ptptsr.pl\/?s={search_term_string}"},"query-input":{"@type":"PropertyValueSpecification","valueRequired":true,"valueName":"search_term_string"}}],"inLanguage":"en-GB"},{"@type":"Organization","@id":"https:\/\/ptptsr.pl\/#organization","name":"PTPTSR","url":"https:\/\/ptptsr.pl\/","logo":{"@type":"ImageObject","inLanguage":"en-GB","@id":"https:\/\/ptptsr.pl\/#\/schema\/logo\/image\/","url":"https:\/\/ptptsr.pl\/wp-content\/uploads\/2024\/02\/PNGVersion.png","contentUrl":"https:\/\/ptptsr.pl\/wp-content\/uploads\/2024\/02\/PNGVersion.png","width":1114,"height":1080,"caption":"PTPTSR"},"image":{"@id":"https:\/\/ptptsr.pl\/#\/schema\/logo\/image\/"}}]}},"uagb_featured_image_src":{"full":["https:\/\/ptptsr.pl\/wp-content\/uploads\/2024\/04\/tsr-kodeks-etyki.jpg",1640,924,false],"thumbnail":["https:\/\/ptptsr.pl\/wp-content\/uploads\/2024\/04\/tsr-kodeks-etyki.jpg",150,85,false],"medium":["https:\/\/ptptsr.pl\/wp-content\/uploads\/2024\/04\/tsr-kodeks-etyki.jpg",300,169,false],"medium_large":["https:\/\/ptptsr.pl\/wp-content\/uploads\/2024\/04\/tsr-kodeks-etyki.jpg",768,433,false],"large":["https:\/\/ptptsr.pl\/wp-content\/uploads\/2024\/04\/tsr-kodeks-etyki.jpg",1024,577,false],"1536x1536":["https:\/\/ptptsr.pl\/wp-content\/uploads\/2024\/04\/tsr-kodeks-etyki.jpg",1536,865,false],"2048x2048":["https:\/\/ptptsr.pl\/wp-content\/uploads\/2024\/04\/tsr-kodeks-etyki.jpg",1640,924,false],"trp-custom-language-flag":["https:\/\/ptptsr.pl\/wp-content\/uploads\/2024\/04\/tsr-kodeks-etyki.jpg",18,10,false],"woocommerce_thumbnail":["https:\/\/ptptsr.pl\/wp-content\/uploads\/2024\/04\/tsr-kodeks-etyki-300x300.jpg",300,300,true],"woocommerce_single":["https:\/\/ptptsr.pl\/wp-content\/uploads\/2024\/04\/tsr-kodeks-etyki.jpg",600,338,false],"woocommerce_gallery_thumbnail":["https:\/\/ptptsr.pl\/wp-content\/uploads\/2024\/04\/tsr-kodeks-etyki-100x100.jpg",100,100,true]},"uagb_author_info":{"display_name":"admin-HdvrTzzh","author_link":"https:\/\/ptptsr.pl\/en\/author\/admin-hdvrtzzh\/"},"uagb_comment_info":0,"uagb_excerpt":"PTP TSR Kodeks Etyki ZawodowejCz\u0142onk\u00f3w PTP TSR Przyj\u0119ty przez Walne Zebranie Cz\u0142onk\u00f3w w dniu 30.12.2023 r. Podstaw\u0105 etyki zawodowej Cz\u0142onk\u00f3w Polskiego Towarzystwa Psychologicznej Terapii Skoncentrowanej na Rozwi\u0105zaniach jest praca nad przywracaniem i wzmacnianiem dobrostanu cz\u0142owieka, realizowana przez dzia\u0142alno\u015b\u0107 Cz\u0142onk\u00f3w PTPTSR w obszarach: naukowo-badawczym, edukacyjnym oraz w obszarze pomocy psychologicznej. 1 Wyznawane warto\u015bci Cz\u0142onkowie PTPTSR powinni&hellip;","_links":{"self":[{"href":"https:\/\/ptptsr.pl\/en\/wp-json\/wp\/v2\/pages\/178","targetHints":{"allow":["GET"]}}],"collection":[{"href":"https:\/\/ptptsr.pl\/en\/wp-json\/wp\/v2\/pages"}],"about":[{"href":"https:\/\/ptptsr.pl\/en\/wp-json\/wp\/v2\/types\/page"}],"author":[{"embeddable":true,"href":"https:\/\/ptptsr.pl\/en\/wp-json\/wp\/v2\/users\/1"}],"replies":[{"embeddable":true,"href":"https:\/\/ptptsr.pl\/en\/wp-json\/wp\/v2\/comments?post=178"}],"version-history":[{"count":8,"href":"https:\/\/ptptsr.pl\/en\/wp-json\/wp\/v2\/pages\/178\/revisions"}],"predecessor-version":[{"id":789,"href":"https:\/\/ptptsr.pl\/en\/wp-json\/wp\/v2\/pages\/178\/revisions\/789"}],"wp:featuredmedia":[{"embeddable":true,"href":"https:\/\/ptptsr.pl\/en\/wp-json\/wp\/v2\/media\/455"}],"wp:attachment":[{"href":"https:\/\/ptptsr.pl\/en\/wp-json\/wp\/v2\/media?parent=178"}],"curies":[{"name":"wp","href":"https:\/\/api.w.org\/{rel}","templated":true}]}}